{"id":866,"date":"2022-04-29T10:10:34","date_gmt":"2022-04-29T10:10:34","guid":{"rendered":"http:\/\/grobiani.sk\/?page_id=866"},"modified":"2022-04-29T10:15:17","modified_gmt":"2022-04-29T10:15:17","slug":"historia","status":"publish","type":"page","link":"https:\/\/grobiani.sk\/index.php\/historia\/","title":{"rendered":"Hist\u00f3ria"},"content":{"rendered":"\t\t<div data-elementor-type=\"wp-page\" data-elementor-id=\"866\" class=\"elementor elementor-866\">\n\t\t\t\t\t\t\t\t\t<section class=\"elementor-section elementor-top-section elementor-element elementor-element-8201840 elementor-section-full_width elementor-section-content-middle elementor-section-height-default elementor-section-height-default\" data-id=\"8201840\" data-element_type=\"section\" data-settings=\"{&quot;background_background&quot;:&quot;classic&quot;}\">\n\t\t\t\t\t\t<div class=\"elementor-container elementor-column-gap-no\">\n\t\t\t\t\t<div class=\"elementor-column elementor-col-100 elementor-top-column elementor-element elementor-element-63d75f2\" data-id=\"63d75f2\" data-element_type=\"column\">\n\t\t\t<div class=\"elementor-widget-wrap elementor-element-populated\">\n\t\t\t\t\t\t\t\t<section class=\"elementor-section elementor-inner-section elementor-element elementor-element-9a3f82f elementor-section-boxed elementor-section-height-default elementor-section-height-default\" data-id=\"9a3f82f\" data-element_type=\"section\">\n\t\t\t\t\t\t<div class=\"elementor-container elementor-column-gap-default\">\n\t\t\t\t\t<div class=\"elementor-column elementor-col-33 elementor-inner-column elementor-element elementor-element-f780c41\" data-id=\"f780c41\" data-element_type=\"column\">\n\t\t\t<div class=\"elementor-widget-wrap elementor-element-populated\">\n\t\t\t\t\t\t\t\t<div class=\"elementor-element elementor-element-1e36a6e elementor-widget elementor-widget-image\" data-id=\"1e36a6e\" data-element_type=\"widget\" data-widget_type=\"image.default\">\n\t\t\t\t<div class=\"elementor-widget-container\">\n\t\t\t<style>\/*! elementor - v3.6.1 - 23-03-2022 *\/\n.elementor-widget-image{text-align:center}.elementor-widget-image a{display:inline-block}.elementor-widget-image a img[src$=\".svg\"]{width:48px}.elementor-widget-image img{vertical-align:middle;display:inline-block}<\/style>\t\t\t\t\t\t\t\t\t\t\t\t<img width=\"517\" height=\"150\" src=\"https:\/\/grobiani.sk\/wp-content\/uploads\/2022\/03\/grobiani.gif\" class=\"attachment-large size-large\" alt=\"\" loading=\"lazy\" \/>\t\t\t\t\t\t\t\t\t\t\t\t\t\t\t<\/div>\n\t\t\t\t<\/div>\n\t\t\t\t\t<\/div>\n\t\t<\/div>\n\t\t\t\t<div class=\"elementor-column elementor-col-33 elementor-inner-column elementor-element elementor-element-8068b8d\" data-id=\"8068b8d\" data-element_type=\"column\">\n\t\t\t<div class=\"elementor-widget-wrap elementor-element-populated\">\n\t\t\t\t\t\t\t\t<div class=\"elementor-element elementor-element-f07b30d elementor-nav-menu__align-center elementor-nav-menu--stretch elementor-nav-menu__text-align-center elementor-nav-menu--dropdown-tablet elementor-nav-menu--toggle elementor-nav-menu--burger elementor-widget elementor-widget-nav-menu\" data-id=\"f07b30d\" data-element_type=\"widget\" data-settings=\"{&quot;full_width&quot;:&quot;stretch&quot;,&quot;layout&quot;:&quot;horizontal&quot;,&quot;submenu_icon&quot;:{&quot;value&quot;:&quot;&lt;i class=\\&quot;fas fa-caret-down\\&quot;&gt;&lt;\\\/i&gt;&quot;,&quot;library&quot;:&quot;fa-solid&quot;},&quot;toggle&quot;:&quot;burger&quot;}\" data-widget_type=\"nav-menu.default\">\n\t\t\t\t<div class=\"elementor-widget-container\">\n\t\t\t<link rel=\"stylesheet\" href=\"https:\/\/grobiani.sk\/wp-content\/plugins\/elementor-pro\/assets\/css\/widget-nav-menu.min.css\">\t\t\t<nav migration_allowed=\"1\" migrated=\"0\" role=\"navigation\" class=\"elementor-nav-menu--main elementor-nav-menu__container elementor-nav-menu--layout-horizontal e--pointer-text e--animation-grow\">\n\t\t\t\t<ul id=\"menu-1-f07b30d\" class=\"elementor-nav-menu\"><li class=\"menu-item menu-item-type-custom menu-item-object-custom menu-item-home menu-item-90\"><a href=\"https:\/\/grobiani.sk\/\" class=\"elementor-item\">\u00davod<\/a><\/li>\n<li class=\"menu-item menu-item-type-custom menu-item-object-custom menu-item-91\"><a href=\"https:\/\/grobiani.sk\/index.php\/profil\/\" class=\"elementor-item\">Profil<\/a><\/li>\n<li class=\"menu-item menu-item-type-custom menu-item-object-custom menu-item-94\"><a href=\"https:\/\/grobiani.sk\/index.php\/historia\/\" class=\"elementor-item\">Hist\u00f3ria<\/a><\/li>\n<li class=\"menu-item menu-item-type-custom menu-item-object-custom menu-item-93\"><a href=\"https:\/\/grobiani.sk\/index.php\/koncerty\/\" class=\"elementor-item\">Koncerty<\/a><\/li>\n<li class=\"menu-item menu-item-type-custom menu-item-object-custom menu-item-95\"><a href=\"https:\/\/grobiani.sk\/index.php\/galeria\/\" class=\"elementor-item\">Gal\u00e9ria<\/a><\/li>\n<li class=\"menu-item menu-item-type-custom menu-item-object-custom menu-item-96\"><a href=\"https:\/\/grobiani.sk\/index.php\/download\/\" class=\"elementor-item\">Download<\/a><\/li>\n<li class=\"menu-item menu-item-type-custom menu-item-object-custom menu-item-92\"><a href=\"https:\/\/grobiani.sk\/index.php\/vdaka\/\" class=\"elementor-item\">V\u010faka<\/a><\/li>\n<\/ul>\t\t\t<\/nav>\n\t\t\t\t\t<div class=\"elementor-menu-toggle\" role=\"button\" tabindex=\"0\" aria-label=\"Menu Toggle\" aria-expanded=\"false\">\n\t\t\t<i aria-hidden=\"true\" role=\"presentation\" class=\"elementor-menu-toggle__icon--open eicon-menu-bar\"><\/i><i aria-hidden=\"true\" role=\"presentation\" class=\"elementor-menu-toggle__icon--close eicon-close\"><\/i>\t\t\t<span class=\"elementor-screen-only\">Menu<\/span>\n\t\t<\/div>\n\t\t\t<nav class=\"elementor-nav-menu--dropdown elementor-nav-menu__container\" role=\"navigation\" aria-hidden=\"true\">\n\t\t\t\t<ul id=\"menu-2-f07b30d\" class=\"elementor-nav-menu\"><li class=\"menu-item menu-item-type-custom menu-item-object-custom menu-item-home menu-item-90\"><a href=\"https:\/\/grobiani.sk\/\" class=\"elementor-item\" tabindex=\"-1\">\u00davod<\/a><\/li>\n<li class=\"menu-item menu-item-type-custom menu-item-object-custom menu-item-91\"><a href=\"https:\/\/grobiani.sk\/index.php\/profil\/\" class=\"elementor-item\" tabindex=\"-1\">Profil<\/a><\/li>\n<li class=\"menu-item menu-item-type-custom menu-item-object-custom menu-item-94\"><a href=\"https:\/\/grobiani.sk\/index.php\/historia\/\" class=\"elementor-item\" tabindex=\"-1\">Hist\u00f3ria<\/a><\/li>\n<li class=\"menu-item menu-item-type-custom menu-item-object-custom menu-item-93\"><a href=\"https:\/\/grobiani.sk\/index.php\/koncerty\/\" class=\"elementor-item\" tabindex=\"-1\">Koncerty<\/a><\/li>\n<li class=\"menu-item menu-item-type-custom menu-item-object-custom menu-item-95\"><a href=\"https:\/\/grobiani.sk\/index.php\/galeria\/\" class=\"elementor-item\" tabindex=\"-1\">Gal\u00e9ria<\/a><\/li>\n<li class=\"menu-item menu-item-type-custom menu-item-object-custom menu-item-96\"><a href=\"https:\/\/grobiani.sk\/index.php\/download\/\" class=\"elementor-item\" tabindex=\"-1\">Download<\/a><\/li>\n<li class=\"menu-item menu-item-type-custom menu-item-object-custom menu-item-92\"><a href=\"https:\/\/grobiani.sk\/index.php\/vdaka\/\" class=\"elementor-item\" tabindex=\"-1\">V\u010faka<\/a><\/li>\n<\/ul>\t\t\t<\/nav>\n\t\t\t\t<\/div>\n\t\t\t\t<\/div>\n\t\t\t\t\t<\/div>\n\t\t<\/div>\n\t\t\t\t<div class=\"elementor-column elementor-col-33 elementor-inner-column elementor-element elementor-element-af7157b\" data-id=\"af7157b\" data-element_type=\"column\">\n\t\t\t<div class=\"elementor-widget-wrap elementor-element-populated\">\n\t\t\t\t\t\t\t\t<div class=\"elementor-element elementor-element-fdab574 elementor-widget elementor-widget-image\" data-id=\"fdab574\" data-element_type=\"widget\" data-widget_type=\"image.default\">\n\t\t\t\t<div class=\"elementor-widget-container\">\n\t\t\t\t\t\t\t\t\t\t\t\t\t\t\t<img width=\"119\" height=\"150\" src=\"https:\/\/grobiani.sk\/wp-content\/uploads\/2022\/04\/man.gif\" class=\"attachment-large size-large\" alt=\"\" loading=\"lazy\" \/>\t\t\t\t\t\t\t\t\t\t\t\t\t\t\t<\/div>\n\t\t\t\t<\/div>\n\t\t\t\t\t<\/div>\n\t\t<\/div>\n\t\t\t\t\t\t\t<\/div>\n\t\t<\/section>\n\t\t\t\t\t<\/div>\n\t\t<\/div>\n\t\t\t\t\t\t\t<\/div>\n\t\t<\/section>\n\t\t\t\t<section class=\"elementor-section elementor-top-section elementor-element elementor-element-bccac43 elementor-section-boxed elementor-section-height-default elementor-section-height-default\" data-id=\"bccac43\" data-element_type=\"section\" data-settings=\"{&quot;background_background&quot;:&quot;classic&quot;}\">\n\t\t\t\t\t\t<div class=\"elementor-container elementor-column-gap-default\">\n\t\t\t\t\t<div class=\"elementor-column elementor-col-100 elementor-top-column elementor-element elementor-element-ad3b811\" data-id=\"ad3b811\" data-element_type=\"column\">\n\t\t\t<div class=\"elementor-widget-wrap elementor-element-populated\">\n\t\t\t\t\t\t\t\t<div class=\"elementor-element elementor-element-9852bfc elementor-widget elementor-widget-text-editor\" data-id=\"9852bfc\" data-element_type=\"widget\" data-widget_type=\"text-editor.default\">\n\t\t\t\t<div class=\"elementor-widget-container\">\n\t\t\t<style>\/*! elementor - v3.6.1 - 23-03-2022 *\/\n.elementor-widget-text-editor.elementor-drop-cap-view-stacked .elementor-drop-cap{background-color:#818a91;color:#fff}.elementor-widget-text-editor.elementor-drop-cap-view-framed .elementor-drop-cap{color:#818a91;border:3px solid;background-color:transparent}.elementor-widget-text-editor:not(.elementor-drop-cap-view-default) .elementor-drop-cap{margin-top:8px}.elementor-widget-text-editor:not(.elementor-drop-cap-view-default) .elementor-drop-cap-letter{width:1em;height:1em}.elementor-widget-text-editor .elementor-drop-cap{float:left;text-align:center;line-height:1;font-size:50px}.elementor-widget-text-editor .elementor-drop-cap-letter{display:inline-block}<\/style>\t\t\t\t<p>Bol som v druhom ro\u010dn\u00edku gymn\u00e1zia, ke\u010f som pravidelne za\u010dal r\u00e1no cestou autobusom do \u0161koly stret\u00e1va\u0165 chalana v tri\u010dku Sex Pistols.Od kamar\u00e1tov som sa dozvedel, \u017ee ten chalan sa vol\u00e1 Bra\u0148o a \u017ee hr\u00e1va na bicie v nejakej rockovej kapele s n\u00e1zvom No Smokers.Kapela p\u00f4sobila v susednej dedine Chorv\u00e1tsky Grob, \u010do nebolo \u010faleko&#8230;<\/p><p>30.j\u00fana 2003 sa v Chorv\u00e1tskom Grobe konal \u017e\u00far u jedn\u00e9ho spolo\u010dn\u00e9ho zn\u00e1meho (diky Jano&#8230;) kde som sa s Bra\u0148om zozn\u00e1mil a hne\u010f sme za\u010dali \u0161pekulova\u0165, \u017ee zalo\u017e\u00edme spolo\u010dn\u00fa punkov\u00fa kapelu.Navrhol som n\u00e1zov kapely Delirium Tremens (alkoholov\u00e1 k\u00f3ma po latinsky) s \u010d\u00edm Bra\u0148o v momente s\u00fahlasil.Bra\u0148o mal hra\u0165 na bicie a ja na basu.Basu som ale nemal, tak\u017ee to zostalo pri tom, \u017ee som sa aspo\u0148 chodil pozera\u0165 na sk\u00fa\u0161ky No Smokers.<\/p><p>Na jese\u0148 si ale bas\u00e1k No Smokers Alex (toto meno si zapam\u00e4tajte) k\u00fapil nov\u00fa basu a Bra\u0148o ako spr\u00e1vny kamar\u00e1t ho ukecal, aby mi star\u00fa Jolanu Vikomt bass predal (ktor\u00fd punkov\u00fd bas\u00e1k neza\u010d\u00ednal na Jolane?).Tak sa stalo, \u017ee 21.okt\u00f3bra som mal za symbolick\u00fa sumu 2000 Sk n\u00e1stroj a mohol sa za\u010da\u0165 bordel&#8230;Ch\u00fdbal ale gitarista a uznajte, \u017ee bez gitary to nejde.<\/p><p>V tej dobe som hr\u00e1val futbal za legend\u00e1rny gr\u00f3bsky dorast a Bra\u0148o bol na\u0161\u00edm pravideln\u00fdm div\u00e1kom.Tak do\u0161lo k tomu, \u017ee jeden z n\u00e1s (mysl\u00edm, \u017ee to bol Bra\u0148o) medzi futbalistami spomenul, \u017ee sa zaklad\u00e1 kapela.Na to sa ozval vlasat\u00fd mongol Men\u010fo,\u017ee by to sk\u00fasil.Na \u0161panielku (kurva \u010dundr\u00e1cka) hra\u0165 vedel, navy\u0161e si jeho brat po letnej brig\u00e1de v Rak\u00fasku k\u00fapil elektrick\u00fa gitaru (Squier Stratocaster) ku ktorej mal aj kombo.N\u00e1stroj aj apar\u00e1t teda mal, navy\u0161e pon\u00fakol k dispoz\u00edcii sk\u00fa\u0161ob\u0148u v dome jeho star\u00fdch rodi\u010dov, kde predt\u00fdm sk\u00fa\u0161ali aj No Smokers (ktor\u00ed sa \u00faplnou n\u00e1hodou po probl\u00e9moch Bra\u0148a so zvy\u0161n\u00fdmi \u010dlenmi kapely \u010derstvo rozpadli).Perli\u010dkou je, \u017ee v tom dome kedysi d\u00e1vno dlh\u00e9 roky \u017eil Milo Urban (!!!).<\/p><p>Tak sme nadr\u017ean\u00ed jak hovado nast\u00fapili do sk\u00fa\u0161obne kde zostal cel\u00fd apar\u00e1t ktor\u00fd patril Alexovi (op\u00e4\u0165 to meno!).Probl\u00e9m bol ale v tom, \u017ee v \u017eivote som predt\u00fdm basu v ruk\u00e1ch dr\u017eal iba raz tak\u017ee som nevedel hra\u0165&#8230;Taktie\u017e nemal kto spieva\u0165.Rie\u0161enie?Popri pokuse zvl\u00e1da\u0165 basu som po vz\u00e1jomnej dohode za\u010dal aj spieva\u0165(po pravde povedan\u00e9,podobalo sa to na hoci\u010do len nie na spev).Takto fungovala kapela a\u017e do zimy.<\/p><p>24.12.2003 sa z vojny vr\u00e1til star\u00fd zn\u00e1my \u0160evo.Po tom, ako sa v kr\u010dme dozvedel, \u017ee m\u00e1me kapelu, prejavil z\u00e1ujem pr\u00edjs\u0165 na sk\u00fa\u0161ku a vypo\u010du\u0165 si ten hluk.Po ve\u013emi r\u00fdchlej a jednozna\u010dnej konzult\u00e1cii s Bra\u0148om a Men\u010fom som sa ho op\u00fdtal, \u010di by to v kapele nesk\u00fasil ako spev\u00e1k.Hrali sme iba prevzat\u00e9 veci, preva\u017ene od Z\u00f3ny A plus p\u00e1r pesni\u010diek od HT.\u0160evo mal Z\u00f3nu r\u00e1d, tak t\u00fa ponuku prijal.Delirium Tremens za\u010dalo fungova\u0165 na dlh\u00fa dobu vo \u0161tvorici.Kr\u00e1tko po pr\u00edchode do kapely si \u0160evo (ktor\u00fd dlh\u00e9 roky chodil do \u013eudovej \u0161koly umenia na gitaru) k\u00fapil gitaru Jolana Galaxis a za\u010dal v kapele p\u00f4sobi\u0165 ako s\u00f3lov\u00fd gitarista a z\u00e1rove\u0148 ako spev\u00e1k.Ve\u013ea sme cvi\u010dili, no st\u00e1le len prevzat\u00e9 veci.Po prv\u00fd kr\u00e1t sme verejne hrali 12.6.2004 na mojej oslave 18tych naroden\u00edn (Z\u00e1rove\u0148 to bola oslava 20tych naroden\u00edn.Koho? Samozrejme, \u017ee Alexa&#8230;). Pozor!!!V tomto obdob\u00ed vznikla na\u0161a prv\u00e1, dnes u\u017e legend\u00e1rna vlastn\u00e1 piese\u0148 s n\u00e1zvom Pani Santnerov\u00e1 ktor\u00fa sme v\u017edy hrali v inej nezopakovate\u013enej podobe, samozrejme, v\u017edy s in\u00fdm po\u010dtom vulgarizmov (pre nezainteresovan\u00fdch: pani Santnerov\u00e1 je t\u00e1 star\u00e1 mrcha ktor\u00e1 b\u00fdvala 5 domov od na\u0161ej vtedaj\u0161ej sk\u00fa\u0161obne a s\u0165a\u017eovala sa, \u017ee vraj kapela rob\u00ed ve\u013ek\u00fd hluk a ona ako tehotn\u00e1 \u017eena nem\u00e1 dostatok pokoja&#8230;mimochodom, s\u0165a\u017eovala sa iba vtedy, ke\u010f niekoho cez okno videla \u00eds\u0165 po ulici s gitarou okolo jej bar\u00e1ku&#8230;raz n\u00e1m dokonca do sk\u00fa\u0161obne poslala man\u017eela, nech ten probl\u00e9m vyrie\u0161i, \u010do malo za n\u00e1sledok to, \u017ee ho \u0160evo poslal doslova a do p\u00edsmena do pi\u010de a vyhr\u00e1\u017eal sa mu n\u00e1sil\u00edm&#8230;sranda, \u017ee?).V lete sme len tak z ni\u010doho ni\u010d urobili na\u0161u prv\u00fa vlastn\u00fa piese\u0148 s n\u00e1zvom A-ha&#8230;Na jese\u0148 2004 n\u00e1m vznikol probl\u00e9m so sk\u00fa\u0161ob\u0148ou, preto\u017ee cel\u00fd dom v ktorom kapela sk\u00fa\u0161ala sa za\u010d\u00ednal renovova\u0165 a prer\u00e1ba\u0165.<\/p><p>Jedn\u00e9ho pekn\u00e9ho ve\u010dera po do\u010dasnom pres\u0165ahovan\u00ed apar\u00e1tu ku \u0160evovi domov do\u0161lo okrem in\u00e9ho k najebaniu sa v\u0161etk\u00fdch \u010dlenov kapely priamo u \u0160eva v pivnici (touto cestou sa chceme ve\u013emi pekne po\u010fakova\u0165 \u0160evovmu otcovi za pr\u00edsun alkoholu) a taktie\u017e k dohode s p\u00e1nom Belz\u00e1rom (star\u00fd kamo\u0161 \u0160evovho otca) o poskytnut\u00ed priestorov na sk\u00fa\u0161anie v zru\u0161enom a nefunk\u010dnom miestnom kine.Pod\u013ea dohody sme mali by\u0165 v kine do marca 2005&#8230;Po \u201ckamar\u00e1tskej dohode na dobr\u00e9 slovo\u201d s p\u00e1nom Belz\u00e1rom sme sa pustili do upratovania zanedban\u00fdch priestorov kina, kde sme s \u00fasmevom na per\u00e1ch na\u0161li okrem kopy bordelu aj pomerne slu\u0161n\u00fa zbierku filmov z b\u00fdval\u00e9ho arch\u00edvu STV&#8230;S chu\u0165ou sme za\u010dali cvi\u010di\u0165 v novej a priestrannej sk\u00fa\u0161obni kde sme nakoniec bez probl\u00e9mov zotrvali dlh\u0161ie ako znela p\u00f4vodn\u00e1 dohoda.<\/p><p>Objavil sa ale nov\u00fd probl\u00e9m: \u0160evo sa rozhodol naplno prejavi\u0165 svoju gitarov\u00fa virtuozitu a navrhol aby sme h\u013eadali nov\u00e9ho spev\u00e1ka.Niekedy v m\u00e1ji pustil Bra\u0148o do \u00e9teru inform\u00e1ciu, \u017ee jeden jeho kamar\u00e1t by to v kapele so spevom sk\u00fasil a my kokoti sme cel\u00ed nadr\u017ean\u00ed \u010dakali jeho pr\u00edchod na sk\u00fa\u0161ku.Po jeho pr\u00edchode sme v\u0161ak zostali v (pr\u00edjemnom) \u0161oku \u2013 t\u00fdm nezn\u00e1mym kamar\u00e1tom nebol nikto in\u00fd ako Alex&#8230;V\u0161etci sme z toho boli tak v pi\u010di, \u017ee kr\u00e1tko po jeho pr\u00edchode padlo z\u00e1v\u00e4zn\u00e9 rozhodnutie postupne hra\u0165 iba vlastn\u00e9 veci.<\/p><p>28.5.2005 Delirium Tremens odohralo (kv\u00f4li \u010dasovej tiesni e\u0161te bez Alexa) posledn\u00fd koncert so \u0160evom ako spev\u00e1kom.Koncert sa konal v DK Bernol\u00e1kovo a pr\u00e1ve tu vznikla dlhodob\u00e1 spolupr\u00e1ca s kapelou Lava &amp; Tonic.<\/p><p>V septembri 2005 sme vyst\u00fapili (po prv\u00fd kr\u00e1t s Alexom) na podujat\u00ed s n\u00e1zvom Dni obce Chorv\u00e1tsky Grob, n\u00e1sledne sme so starostom obce uzatvorili v\u00fdhodn\u00fd bartrov\u00fd obchod: obec kapele bezplatne poskytla vyhrievan\u00fa sk\u00fa\u0161ob\u0148u a my sme na opl\u00e1tku pris\u013e\u00fabili ka\u017edoro\u010dn\u00e9 vyst\u00fapenie na vy\u0161\u0161ie spom\u00ednanej akcii&#8230;proste popi\u010di&#8230;tak\u017ee sme sa pres\u0165ahovali do novej sk\u00fa\u0161obne v budove Z\u0160 a poctivo za\u010dali tvori\u0165 nov\u00e9 pesni\u010dky, z reperto\u00e1ru sme postupne za\u010dali vyra\u010fova\u0165 prevzat\u00e9 songy.<\/p><p>Op\u00e4\u0165 ale nastal obrovsk\u00fd probl\u00e9m.Od miestneho kr\u010dm\u00e1ra sme sa dozvedeli, \u017ee u na\u0161ich bratov v \u010cech\u00e1ch funguje kapela s rovnak\u00fdm n\u00e1zvom Delirium Tremens.Po d\u00f4kladnom p\u00e1tran\u00ed sme dokonca objavili \u010fal\u0161iu, pre zmenu nemeck\u00fa kapelu Delirium Tremens hraj\u00facu metal.Boli sme z toho riadne v pi\u010di, \u010do sa na jednotliv\u00fdch \u010dlenoch prejavilo r\u00f4znym sp\u00f4sobom: ja som sa spolu s Men\u010fom za\u010dal oddane, \u00faprimne ale hlavne na pln\u00fd \u00fav\u00e4zok venova\u0165 alkoholu, Bra\u0148o sa neoblomne rozhodol zdravo stravova\u0165 a schudn\u00fa\u0165, Alex po nociach v sp\u00e1nku vykrikoval men\u00e1 svojich ob\u013e\u00faben\u00fdch animovan\u00fdch postavi\u010diek a \u0160evo sa dokonca o\u017eenil (a dnes je z neho hrd\u00fd tato&#8230;).Tak n\u00e1s to zobralo, \u017ee sme rad\u0161ej ani nekoncertovali&#8230;<\/p><p>Po dlhom dohadovan\u00ed sme zmenili n\u00e1zov kapely na dne\u0161n\u00fd a d\u00fafame, \u017ee aj posledn\u00fd n\u00e1zov Grobiani (\u0161ak jako spr\u00e1vni dedin\u010dan\u00e9 mos\u00edme reprezent\u00favat obec,n\u00e9\u00e9\u00e9?), \u010do sa popri r\u00f4znych alternat\u00edvnych n\u00e1zvoch (napr. Pussy Ass, Asshole Launcher, El Chupacabra, Delirium) uk\u00e1zalo ako najlep\u0161ie rie\u0161enie.<\/p><p>S rokom 2006 pri\u0161lo v\u00e4\u010d\u0161ie mno\u017estvo koncertov (dokonca sme prv\u00fdkr\u00e1t prekro\u010dili hranice Bratislavsk\u00e9ho kraja!!!), za\u010dali sme hra\u0165 vyslovene vlastn\u00fd reperto\u00e1r piesn\u00ed.<\/p><p>Vrcholom na\u0161ej snahy prepi\u0165 sa na koncertn\u00e9 p\u00f3di\u00e1 bolo nahr\u00e1vanie n\u00e1\u0161ho prv\u00e9ho a z\u00e1rove\u0148 najlep\u0161ieho dema, ktor\u00e9 sa uskuto\u010dnilo 24.-25.5.2006 v \u0161t\u00fadiu B&amp;B u zvukov\u00e9ho m\u00e1ga Igora Baara a taktie\u017e vzniknutie tejto bezpochybne vzru\u0161uj\u00facej str\u00e1nky&#8230;<\/p>\t\t\t\t\t\t<\/div>\n\t\t\t\t<\/div>\n\t\t\t\t\t<\/div>\n\t\t<\/div>\n\t\t\t\t\t\t\t<\/div>\n\t\t<\/section>\n\t\t\t\t\t\t\t<\/div>\n\t\t","protected":false},"excerpt":{"rendered":"<p>Bol som v druhom ro\u010dn\u00edku gymn\u00e1zia, ke\u010f som pravidelne za\u010dal r\u00e1no cestou autobusom do \u0161koly stret\u00e1va\u0165 chalana v tri\u010dku Sex Pistols.Od kamar\u00e1tov som sa dozvedel, \u017ee ten chalan sa vol\u00e1 Bra\u0148o a \u017ee hr\u00e1va na bicie v nejakej rockovej kapele s n\u00e1zvom No Smokers.Kapela p\u00f4sobila v susednej dedine Chorv\u00e1tsky Grob, \u010do nebolo \u010faleko&#8230; 30.j\u00fana 2003 [&hellip;]<\/p>\n","protected":false},"author":1,"featured_media":0,"parent":0,"menu_order":0,"comment_status":"closed","ping_status":"closed","template":"","meta":[],"_links":{"self":[{"href":"https:\/\/grobiani.sk\/index.php\/wp-json\/wp\/v2\/pages\/866"}],"collection":[{"href":"https:\/\/grobiani.sk\/index.php\/wp-json\/wp\/v2\/pages"}],"about":[{"href":"https:\/\/grobiani.sk\/index.php\/wp-json\/wp\/v2\/types\/page"}],"author":[{"embeddable":true,"href":"https:\/\/grobiani.sk\/index.php\/wp-json\/wp\/v2\/users\/1"}],"replies":[{"embeddable":true,"href":"https:\/\/grobiani.sk\/index.php\/wp-json\/wp\/v2\/comments?post=866"}],"version-history":[{"count":7,"href":"https:\/\/grobiani.sk\/index.php\/wp-json\/wp\/v2\/pages\/866\/revisions"}],"predecessor-version":[{"id":873,"href":"https:\/\/grobiani.sk\/index.php\/wp-json\/wp\/v2\/pages\/866\/revisions\/873"}],"wp:attachment":[{"href":"https:\/\/grobiani.sk\/index.php\/wp-json\/wp\/v2\/media?parent=866"}],"curies":[{"name":"wp","href":"https:\/\/api.w.org\/{rel}","templated":true}]}}